{"id":2,"date":"2022-12-05T09:49:25","date_gmt":"2022-12-05T09:49:25","guid":{"rendered":"https:\/\/dentallabor-dombrowe.de\/?page_id=2"},"modified":"2022-12-16T12:55:41","modified_gmt":"2022-12-16T12:55:41","slug":"sample-page","status":"publish","type":"page","link":"https:\/\/dentallabor-dombrowe.de\/?page_id=2","title":{"rendered":"Impressum"},"content":{"rendered":"\t\t<div data-elementor-type=\"wp-page\" data-elementor-id=\"2\" class=\"elementor elementor-2\">\n\t\t\t\t\t\t\t\t\t<section class=\"elementor-section elementor-top-section elementor-element elementor-element-6eb91dcb elementor-section-boxed elementor-section-height-default elementor-section-height-default\" data-id=\"6eb91dcb\" data-element_type=\"section\">\n\t\t\t\t\t\t<div class=\"elementor-container elementor-column-gap-default\">\n\t\t\t\t\t<div class=\"elementor-column elementor-col-100 elementor-top-column elementor-element elementor-element-4d6ae957\" data-id=\"4d6ae957\" data-element_type=\"column\">\n\t\t\t<div class=\"elementor-widget-wrap elementor-element-populated\">\n\t\t\t\t\t\t\t\t<div class=\"elementor-element elementor-element-bb274f0 elementor-widget elementor-widget-text-editor\" data-id=\"bb274f0\" data-element_type=\"widget\" data-widget_type=\"text-editor.default\">\n\t\t\t\t<div class=\"elementor-widget-container\">\n\t\t\t<style>\/*! elementor - v3.8.1 - 13-11-2022 *\/\n.elementor-widget-text-editor.elementor-drop-cap-view-stacked .elementor-drop-cap{background-color:#818a91;color:#fff}.elementor-widget-text-editor.elementor-drop-cap-view-framed .elementor-drop-cap{color:#818a91;border:3px solid;background-color:transparent}.elementor-widget-text-editor:not(.elementor-drop-cap-view-default) .elementor-drop-cap{margin-top:8px}.elementor-widget-text-editor:not(.elementor-drop-cap-view-default) .elementor-drop-cap-letter{width:1em;height:1em}.elementor-widget-text-editor .elementor-drop-cap{float:left;text-align:center;line-height:1;font-size:50px}.elementor-widget-text-editor .elementor-drop-cap-letter{display:inline-block}<\/style>\t\t\t\t<h1>Impressum<\/h1>\n<p><strong>Inhaltlich Verantwortlicher gem\u00e4\u00df \u00a7 10 Absatz3 MDStV:<\/strong><br \/>Anja Dombrowe<br \/>Zahntechnikermeisterin<\/p>\n<p>\u00a0<\/p>\n<p><strong>Dentallabor Anja Dombrowe<br \/><\/strong>Franz-Mehring-Str. 26<br \/>01968 Brieske<\/p>\n<p>Telefon: +49 (0)3573 64101<br \/>Telefax: +49 (0)3573 369810<\/p>\n<p>UStId: DE 309169185<\/p>\n<p>\u00a0<\/p>\n<p><strong>Haftung f\u00fcr Inhalte<\/strong><\/p>\n<p>Die Inhalte unserer Seiten wurden mit gr\u00f6\u00dfter Sorgfalt erstellt. F\u00fcr die Richtigkeit, Vollst\u00e4ndigkeit und Aktualit\u00e4t der Inhalte k\u00f6nnen wir jedoch keine Gew\u00e4hr \u00fcbernehmen. Als Diensteanbieter sind wir gem\u00e4\u00df \u00a7 7 Abs.1 TMG f\u00fcr eigene Inhalte auf diesen Seiten nach den allgemeinen Gesetzen verantwortlich. Nach \u00a7\u00a7 8 bis 10 TMG sind wir als Diensteanbieter jedoch nicht verpflichtet, \u00fcbermittelte oder gespeicherte fremde Informationen zu \u00fcberwachen oder nach Umst\u00e4nden zu forschen, die auf eine rechtswidrige T\u00e4tigkeit hinweisen. Verpflichtungen zur Entfernung oder Sperrung der Nutzung von Informationen nach den allgemeinen Gesetzen bleiben hiervon unber\u00fchrt. Eine diesbez\u00fcgliche Haftung ist jedoch erst ab dem Zeitpunkt der Kenntnis einer konkreten Rechtsverletzung m\u00f6glich. Bei Bekanntwerden von entsprechenden Rechtsverletzungen werden wir diese Inhalte umgehend entfernen.<\/p>\n<p>\u00a0<\/p>\n<p><strong>Haftung f\u00fcr Links<\/strong><\/p>\n<p>Unser Angebot enth\u00e4lt Links zu externen Webseiten Dritter, auf deren Inhalte wir keinen Einfluss haben. Deshalb k\u00f6nnen wir f\u00fcr diese fremden Inhalte auch keine Gew\u00e4hr \u00fcbernehmen. F\u00fcr die Inhalte der verlinkten Seiten ist stets der jeweilige Anbieter oder Betreiber der Seiten verantwortlich. Die verlinkten Seiten wurden zum Zeitpunkt der Verlinkung auf m\u00f6gliche Rechtsverst\u00f6\u00dfe \u00fcberpr\u00fcft. Rechtswidrige Inhalte waren zum Zeitpunkt der Verlinkung nicht erkennbar. Eine permanente inhaltliche Kontrolle der verlinkten Seiten ist jedoch ohne konkrete Anhaltspunkte einer Rechtsverletzung nicht zumutbar. Bei Bekanntwerden von Rechtsverletzungen werden wir derartige Links umgehend entfernen.<\/p>\n<p>\u00a0<\/p>\t\t\t\t\t\t<\/div>\n\t\t\t\t<\/div>\n\t\t\t\t\t<\/div>\n\t\t<\/div>\n\t\t\t\t\t\t\t<\/div>\n\t\t<\/section>\n\t\t\t\t\t\t\t<\/div>\n\t\t","protected":false},"excerpt":{"rendered":"<p>Impressum Inhaltlich Verantwortlicher gem\u00e4\u00df \u00a7 10 Absatz3 MDStV:Anja DombroweZahntechnikermeisterin \u00a0 Dentallabor Anja DombroweFranz-Mehring-Str. 2601968 Brieske Telefon: +49 (0)3573 64101Telefax: +49 (0)3573 369810 UStId: DE 309169185 \u00a0 Haftung f\u00fcr Inhalte Die Inhalte unserer Seiten wurden mit gr\u00f6\u00dfter Sorgfalt erstellt. F\u00fcr die Richtigkeit, Vollst\u00e4ndigkeit und Aktualit\u00e4t der Inhalte k\u00f6nnen wir jedoch keine Gew\u00e4hr \u00fcbernehmen. Als Diensteanbieter sind &hellip;<\/p>\n<p class=\"read-more\"> <a class=\"\" href=\"https:\/\/dentallabor-dombrowe.de\/?page_id=2\"> <span class=\"screen-reader-text\">Impressum<\/span> Weiterlesen &raquo;<\/a><\/p>\n","protected":false},"author":1,"featured_media":0,"parent":0,"menu_order":0,"comment_status":"closed","ping_status":"open","template":"","meta":{"site-sidebar-layout":"default","site-content-layout":"default","ast-global-header-display":"","ast-main-header-display":"","ast-hfb-above-header-display":"","ast-hfb-below-header-display":"","ast-hfb-mobile-header-display":"","site-post-title":"","ast-breadcrumbs-content":"","ast-featured-img":"","footer-sml-layout":"","theme-transparent-header-meta":"","adv-header-id-meta":"","stick-header-meta":"","header-above-stick-meta":"","header-main-stick-meta":"","header-below-stick-meta":""},"yoast_head":"<!-- This site is optimized with the Yoast SEO plugin v20.5 - https:\/\/yoast.com\/wordpress\/plugins\/seo\/ -->\n<title>Impressum - Dentallabor Anja Dombrowe<\/title>\n<meta name=\"robots\" content=\"index, follow, max-snippet:-1, max-image-preview:large, max-video-preview:-1\" \/>\n<link rel=\"canonical\" href=\"https:\/\/dentallabor-dombrowe.de\/?page_id=2\" \/>\n<meta property=\"og:locale\" content=\"de_DE\" \/>\n<meta property=\"og:type\" content=\"article\" \/>\n<meta property=\"og:title\" content=\"Impressum - Dentallabor Anja Dombrowe\" \/>\n<meta property=\"og:description\" content=\"Impressum Inhaltlich Verantwortlicher gem\u00e4\u00df \u00a7 10 Absatz3 MDStV:Anja DombroweZahntechnikermeisterin \u00a0 Dentallabor Anja DombroweFranz-Mehring-Str. 2601968 Brieske Telefon: +49 (0)3573 64101Telefax: +49 (0)3573 369810 UStId: DE 309169185 \u00a0 Haftung f\u00fcr Inhalte Die Inhalte unserer Seiten wurden mit gr\u00f6\u00dfter Sorgfalt erstellt. F\u00fcr die Richtigkeit, Vollst\u00e4ndigkeit und Aktualit\u00e4t der Inhalte k\u00f6nnen wir jedoch keine Gew\u00e4hr \u00fcbernehmen. Als Diensteanbieter sind &hellip; Impressum Weiterlesen &raquo;\" \/>\n<meta property=\"og:url\" content=\"https:\/\/dentallabor-dombrowe.de\/?page_id=2\" \/>\n<meta property=\"og:site_name\" content=\"Dentallabor Anja Dombrowe\" \/>\n<meta property=\"article:modified_time\" content=\"2022-12-16T12:55:41+00:00\" \/>\n<meta name=\"twitter:card\" content=\"summary_large_image\" \/>\n<meta name=\"twitter:label1\" content=\"Gesch\u00e4tzte Lesezeit\" \/>\n\t<meta name=\"twitter:data1\" content=\"1\u00a0Minute\" \/>\n<script type=\"application\/ld+json\" class=\"yoast-schema-graph\">{\"@context\":\"https:\/\/schema.org\",\"@graph\":[{\"@type\":\"WebPage\",\"@id\":\"https:\/\/dentallabor-dombrowe.de\/?page_id=2\",\"url\":\"https:\/\/dentallabor-dombrowe.de\/?page_id=2\",\"name\":\"Impressum - Dentallabor Anja Dombrowe\",\"isPartOf\":{\"@id\":\"https:\/\/dentallabor-dombrowe.de\/#website\"},\"datePublished\":\"2022-12-05T09:49:25+00:00\",\"dateModified\":\"2022-12-16T12:55:41+00:00\",\"breadcrumb\":{\"@id\":\"https:\/\/dentallabor-dombrowe.de\/?page_id=2#breadcrumb\"},\"inLanguage\":\"de\",\"potentialAction\":[{\"@type\":\"ReadAction\",\"target\":[\"https:\/\/dentallabor-dombrowe.de\/?page_id=2\"]}]},{\"@type\":\"BreadcrumbList\",\"@id\":\"https:\/\/dentallabor-dombrowe.de\/?page_id=2#breadcrumb\",\"itemListElement\":[{\"@type\":\"ListItem\",\"position\":1,\"name\":\"Startseite\",\"item\":\"https:\/\/dentallabor-dombrowe.de\/\"},{\"@type\":\"ListItem\",\"position\":2,\"name\":\"Impressum\"}]},{\"@type\":\"WebSite\",\"@id\":\"https:\/\/dentallabor-dombrowe.de\/#website\",\"url\":\"https:\/\/dentallabor-dombrowe.de\/\",\"name\":\"Dentallabor Anja Dombrowe\",\"description\":\"Dentaltechnik\",\"publisher\":{\"@id\":\"https:\/\/dentallabor-dombrowe.de\/#organization\"},\"potentialAction\":[{\"@type\":\"SearchAction\",\"target\":{\"@type\":\"EntryPoint\",\"urlTemplate\":\"https:\/\/dentallabor-dombrowe.de\/?s={search_term_string}\"},\"query-input\":\"required name=search_term_string\"}],\"inLanguage\":\"de\"},{\"@type\":\"Organization\",\"@id\":\"https:\/\/dentallabor-dombrowe.de\/#organization\",\"name\":\"Dentallabor Anja Dombrowe\",\"url\":\"https:\/\/dentallabor-dombrowe.de\/\",\"logo\":{\"@type\":\"ImageObject\",\"inLanguage\":\"de\",\"@id\":\"https:\/\/dentallabor-dombrowe.de\/#\/schema\/logo\/image\/\",\"url\":\"https:\/\/dentallabor-dombrowe.de\/wp-content\/uploads\/2023\/06\/cropped-logo_export_rgb.jpg\",\"contentUrl\":\"https:\/\/dentallabor-dombrowe.de\/wp-content\/uploads\/2023\/06\/cropped-logo_export_rgb.jpg\",\"width\":1193,\"height\":356,\"caption\":\"Dentallabor Anja Dombrowe\"},\"image\":{\"@id\":\"https:\/\/dentallabor-dombrowe.de\/#\/schema\/logo\/image\/\"}}]}<\/script>\n<!-- \/ Yoast SEO plugin. -->","yoast_head_json":{"title":"Impressum - Dentallabor Anja Dombrowe","robots":{"index":"index","follow":"follow","max-snippet":"max-snippet:-1","max-image-preview":"max-image-preview:large","max-video-preview":"max-video-preview:-1"},"canonical":"https:\/\/dentallabor-dombrowe.de\/?page_id=2","og_locale":"de_DE","og_type":"article","og_title":"Impressum - Dentallabor Anja Dombrowe","og_description":"Impressum Inhaltlich Verantwortlicher gem\u00e4\u00df \u00a7 10 Absatz3 MDStV:Anja DombroweZahntechnikermeisterin \u00a0 Dentallabor Anja DombroweFranz-Mehring-Str. 2601968 Brieske Telefon: +49 (0)3573 64101Telefax: +49 (0)3573 369810 UStId: DE 309169185 \u00a0 Haftung f\u00fcr Inhalte Die Inhalte unserer Seiten wurden mit gr\u00f6\u00dfter Sorgfalt erstellt. F\u00fcr die Richtigkeit, Vollst\u00e4ndigkeit und Aktualit\u00e4t der Inhalte k\u00f6nnen wir jedoch keine Gew\u00e4hr \u00fcbernehmen. Als Diensteanbieter sind &hellip; Impressum Weiterlesen &raquo;","og_url":"https:\/\/dentallabor-dombrowe.de\/?page_id=2","og_site_name":"Dentallabor Anja Dombrowe","article_modified_time":"2022-12-16T12:55:41+00:00","twitter_card":"summary_large_image","twitter_misc":{"Gesch\u00e4tzte Lesezeit":"1\u00a0Minute"},"schema":{"@context":"https:\/\/schema.org","@graph":[{"@type":"WebPage","@id":"https:\/\/dentallabor-dombrowe.de\/?page_id=2","url":"https:\/\/dentallabor-dombrowe.de\/?page_id=2","name":"Impressum - Dentallabor Anja Dombrowe","isPartOf":{"@id":"https:\/\/dentallabor-dombrowe.de\/#website"},"datePublished":"2022-12-05T09:49:25+00:00","dateModified":"2022-12-16T12:55:41+00:00","breadcrumb":{"@id":"https:\/\/dentallabor-dombrowe.de\/?page_id=2#breadcrumb"},"inLanguage":"de","potentialAction":[{"@type":"ReadAction","target":["https:\/\/dentallabor-dombrowe.de\/?page_id=2"]}]},{"@type":"BreadcrumbList","@id":"https:\/\/dentallabor-dombrowe.de\/?page_id=2#breadcrumb","itemListElement":[{"@type":"ListItem","position":1,"name":"Startseite","item":"https:\/\/dentallabor-dombrowe.de\/"},{"@type":"ListItem","position":2,"name":"Impressum"}]},{"@type":"WebSite","@id":"https:\/\/dentallabor-dombrowe.de\/#website","url":"https:\/\/dentallabor-dombrowe.de\/","name":"Dentallabor Anja Dombrowe","description":"Dentaltechnik","publisher":{"@id":"https:\/\/dentallabor-dombrowe.de\/#organization"},"potentialAction":[{"@type":"SearchAction","target":{"@type":"EntryPoint","urlTemplate":"https:\/\/dentallabor-dombrowe.de\/?s={search_term_string}"},"query-input":"required name=search_term_string"}],"inLanguage":"de"},{"@type":"Organization","@id":"https:\/\/dentallabor-dombrowe.de\/#organization","name":"Dentallabor Anja Dombrowe","url":"https:\/\/dentallabor-dombrowe.de\/","logo":{"@type":"ImageObject","inLanguage":"de","@id":"https:\/\/dentallabor-dombrowe.de\/#\/schema\/logo\/image\/","url":"https:\/\/dentallabor-dombrowe.de\/wp-content\/uploads\/2023\/06\/cropped-logo_export_rgb.jpg","contentUrl":"https:\/\/dentallabor-dombrowe.de\/wp-content\/uploads\/2023\/06\/cropped-logo_export_rgb.jpg","width":1193,"height":356,"caption":"Dentallabor Anja Dombrowe"},"image":{"@id":"https:\/\/dentallabor-dombrowe.de\/#\/schema\/logo\/image\/"}}]}},"_links":{"self":[{"href":"https:\/\/dentallabor-dombrowe.de\/index.php?rest_route=\/wp\/v2\/pages\/2"}],"collection":[{"href":"https:\/\/dentallabor-dombrowe.de\/index.php?rest_route=\/wp\/v2\/pages"}],"about":[{"href":"https:\/\/dentallabor-dombrowe.de\/index.php?rest_route=\/wp\/v2\/types\/page"}],"author":[{"embeddable":true,"href":"https:\/\/dentallabor-dombrowe.de\/index.php?rest_route=\/wp\/v2\/users\/1"}],"replies":[{"embeddable":true,"href":"https:\/\/dentallabor-dombrowe.de\/index.php?rest_route=%2Fwp%2Fv2%2Fcomments&post=2"}],"version-history":[{"count":4,"href":"https:\/\/dentallabor-dombrowe.de\/index.php?rest_route=\/wp\/v2\/pages\/2\/revisions"}],"predecessor-version":[{"id":949,"href":"https:\/\/dentallabor-dombrowe.de\/index.php?rest_route=\/wp\/v2\/pages\/2\/revisions\/949"}],"wp:attachment":[{"href":"https:\/\/dentallabor-dombrowe.de\/index.php?rest_route=%2Fwp%2Fv2%2Fmedia&parent=2"}],"curies":[{"name":"wp","href":"https:\/\/api.w.org\/{rel}","templated":true}]}}